{"id":1098,"date":"2021-04-09T13:54:21","date_gmt":"2021-04-09T16:54:21","guid":{"rendered":"http:\/\/bethholstein.com\/?page_id=1098"},"modified":"2021-04-27T12:21:55","modified_gmt":"2021-04-27T15:21:55","slug":"a-instrutora","status":"publish","type":"page","link":"https:\/\/bethholstein.com\/en\/a-instrutora\/","title":{"rendered":"The Instructor"},"content":{"rendered":"<div data-elementor-type=\"wp-page\" data-elementor-id=\"1098\" class=\"elementor elementor-1098\" data-elementor-post-type=\"page\">\n\t\t\t\t\t\t<section class=\"elementor-section elementor-top-section elementor-element elementor-element-489d5b7 elementor-section-full_width elementor-section-height-default elementor-section-height-default elementor-invisible\" data-id=\"489d5b7\" data-element_type=\"section\" data-e-type=\"section\" data-settings=\"{&quot;background_background&quot;:&quot;classic&quot;,&quot;animation&quot;:&quot;fadeInUp&quot;}\">\n\t\t\t\t\t\t\t<div class=\"elementor-background-overlay\"><\/div>\n\t\t\t\t\t\t\t<div class=\"elementor-container elementor-column-gap-default\">\n\t\t\t\t\t<div class=\"elementor-column elementor-col-100 elementor-top-column elementor-element elementor-element-93a0ddf\" data-id=\"93a0ddf\" data-element_type=\"column\" data-e-type=\"column\">\n\t\t\t<div class=\"elementor-widget-wrap elementor-element-populated\">\n\t\t\t\t\t\t<div class=\"elementor-element elementor-element-77d84a7 elementor-widget elementor-widget-heading\" data-id=\"77d84a7\" data-element_type=\"widget\" data-e-type=\"widget\" data-widget_type=\"heading.default\">\n\t\t\t\t<div class=\"elementor-widget-container\">\n\t\t\t\t\t<h1 class=\"elementor-heading-title elementor-size-default\">The Instructor<\/h1>\t\t\t\t<\/div>\n\t\t\t\t<\/div>\n\t\t\t\t\t<\/div>\n\t\t<\/div>\n\t\t\t\t\t<\/div>\n\t\t<\/section>\n\t\t\t\t<section class=\"elementor-section elementor-top-section elementor-element elementor-element-ecaba3e elementor-section-full_width elementor-reverse-mobile elementor-reverse-tablet elementor-section-height-default elementor-section-height-default\" data-id=\"ecaba3e\" data-element_type=\"section\" data-e-type=\"section\">\n\t\t\t\t\t\t<div class=\"elementor-container elementor-column-gap-default\">\n\t\t\t\t\t<div class=\"elementor-column elementor-col-50 elementor-top-column elementor-element elementor-element-fdaa5e6 elementor-invisible\" data-id=\"fdaa5e6\" data-element_type=\"column\" data-e-type=\"column\" data-settings=\"{&quot;background_background&quot;:&quot;classic&quot;,&quot;animation&quot;:&quot;fadeInLeft&quot;,&quot;animation_delay&quot;:200}\">\n\t\t\t<div class=\"elementor-widget-wrap elementor-element-populated\">\n\t\t\t\t\t\t<div class=\"elementor-element elementor-element-8e6f413 elementor-widget elementor-widget-image\" data-id=\"8e6f413\" data-element_type=\"widget\" data-e-type=\"widget\" data-widget_type=\"image.default\">\n\t\t\t\t<div class=\"elementor-widget-container\">\n\t\t\t\t\t\t\t\t\t\t\t\t\t\t\t<img fetchpriority=\"high\" decoding=\"async\" width=\"325\" height=\"325\" src=\"https:\/\/bethholstein.com\/wp-content\/uploads\/2021\/03\/Beth.jpg\" class=\"attachment-large size-large wp-image-496\" alt=\"\" srcset=\"https:\/\/bethholstein.com\/wp-content\/uploads\/2021\/03\/Beth.jpg 325w, https:\/\/bethholstein.com\/wp-content\/uploads\/2021\/03\/Beth-300x300.jpg 300w, https:\/\/bethholstein.com\/wp-content\/uploads\/2021\/03\/Beth-150x150.jpg 150w, https:\/\/bethholstein.com\/wp-content\/uploads\/2021\/03\/Beth-12x12.jpg 12w\" sizes=\"(max-width: 325px) 100vw, 325px\" \/>\t\t\t\t\t\t\t\t\t\t\t\t\t\t\t<\/div>\n\t\t\t\t<\/div>\n\t\t\t\t\t<\/div>\n\t\t<\/div>\n\t\t\t\t<div class=\"elementor-column elementor-col-50 elementor-top-column elementor-element elementor-element-949d1e3\" data-id=\"949d1e3\" data-element_type=\"column\" data-e-type=\"column\" data-settings=\"{&quot;background_background&quot;:&quot;classic&quot;}\">\n\t\t\t<div class=\"elementor-widget-wrap elementor-element-populated\">\n\t\t\t\t\t\t<section class=\"elementor-section elementor-inner-section elementor-element elementor-element-d7a25e6 elementor-section-boxed elementor-section-height-default elementor-section-height-default elementor-invisible\" data-id=\"d7a25e6\" data-element_type=\"section\" data-e-type=\"section\" data-settings=\"{&quot;animation&quot;:&quot;fadeIn&quot;,&quot;animation_delay&quot;:400}\">\n\t\t\t\t\t\t<div class=\"elementor-container elementor-column-gap-default\">\n\t\t\t\t\t<div class=\"elementor-column elementor-col-100 elementor-inner-column elementor-element elementor-element-1b20454\" data-id=\"1b20454\" data-element_type=\"column\" data-e-type=\"column\">\n\t\t\t<div class=\"elementor-widget-wrap elementor-element-populated\">\n\t\t\t\t\t\t<div class=\"elementor-element elementor-element-20d60e5 elementor-widget elementor-widget-heading\" data-id=\"20d60e5\" data-element_type=\"widget\" data-e-type=\"widget\" data-widget_type=\"heading.default\">\n\t\t\t\t<div class=\"elementor-widget-container\">\n\t\t\t\t\t<h4 class=\"elementor-heading-title elementor-size-default\">the instructor<\/h4>\t\t\t\t<\/div>\n\t\t\t\t<\/div>\n\t\t\t\t<div class=\"elementor-element elementor-element-c80e4ed elementor-widget elementor-widget-heading\" data-id=\"c80e4ed\" data-element_type=\"widget\" data-e-type=\"widget\" data-widget_type=\"heading.default\">\n\t\t\t\t<div class=\"elementor-widget-container\">\n\t\t\t\t\t<h2 class=\"elementor-heading-title elementor-size-default\">Beth\n<br>Holstein.<\/h2>\t\t\t\t<\/div>\n\t\t\t\t<\/div>\n\t\t\t\t\t<\/div>\n\t\t<\/div>\n\t\t\t\t\t<\/div>\n\t\t<\/section>\n\t\t\t\t\t<\/div>\n\t\t<\/div>\n\t\t\t\t\t<\/div>\n\t\t<\/section>\n\t\t\t\t<section class=\"elementor-section elementor-top-section elementor-element elementor-element-46d386b elementor-section-full_width elementor-reverse-mobile elementor-section-height-default elementor-section-height-default\" data-id=\"46d386b\" data-element_type=\"section\" data-e-type=\"section\" data-settings=\"{&quot;background_background&quot;:&quot;classic&quot;}\">\n\t\t\t\t\t\t<div class=\"elementor-container elementor-column-gap-default\">\n\t\t\t\t\t<div class=\"elementor-column elementor-col-100 elementor-top-column elementor-element elementor-element-c187f24 elementor-invisible\" data-id=\"c187f24\" data-element_type=\"column\" data-e-type=\"column\" data-settings=\"{&quot;background_background&quot;:&quot;classic&quot;,&quot;animation&quot;:&quot;fadeInLeft&quot;,&quot;animation_delay&quot;:400}\">\n\t\t\t<div class=\"elementor-widget-wrap elementor-element-populated\">\n\t\t\t\t\t\t<div class=\"elementor-element elementor-element-4895835 elementor-widget elementor-widget-text-editor\" data-id=\"4895835\" data-element_type=\"widget\" data-e-type=\"widget\" data-widget_type=\"text-editor.default\">\n\t\t\t\t<div class=\"elementor-widget-container\">\n\t\t\t\t\t\t\t\t\t<p>Beth Holstein has a degree in Education from Iowa State University and a Master's in Clinical Psychology from Western Illinois University. She has been working in clinical psychology for 39 years and has been a PSYCH-K\u00ae instructor for 23 years, certified by the PSYCH-K\u00ae Center International.<\/p>\n<p>Beth is also certified by the HeartMath Institute and coached by the Institute of Eating Psychology.<\/p>\n<p>She teaches courses in the Basic, Advanced, Facilitator Mastery and Divine Integration modules in the United States and Brazil, being the only qualified instructor in the world who teaches PSYCH-K\u00ae courses in Portuguese.<\/p>\n<p>She has taken courses with renowned authors such as Carolyn Myss, Gregg Braden, Deepak Chopra, Louise Hay, Joe Dispenza and Bruce Lipton. She worked in partnership with Bruce Lipton, teaching at Palmer Chiropractic University.<\/p>\t\t\t\t\t\t\t\t<\/div>\n\t\t\t\t<\/div>\n\t\t\t\t\t<\/div>\n\t\t<\/div>\n\t\t\t\t\t<\/div>\n\t\t<\/section>\n\t\t\t\t<\/div>","protected":false},"excerpt":{"rendered":"<p>A Instrutora a instrutora Beth Holstein. Beth Holstein \u00e9 graduada em Pedagogia pela Iowa State University e \u00e9 Mestre em Psicologia Cl\u00ednica pela Western Illinois University. Trabalha com psicologia cl\u00ednica h\u00e1 39 anos e h\u00e1 23 anos \u00e9 instrutora de PSYCH-K\u00ae, certificada pelo PSYCH-K\u00ae Centre International. Beth tamb\u00e9m e certificada pelo HeartMath Institute e coach [&hellip;]<\/p>\n","protected":false},"author":1,"featured_media":0,"parent":0,"menu_order":0,"comment_status":"closed","ping_status":"closed","template":"elementor_header_footer","meta":{"footnotes":""},"class_list":["post-1098","page","type-page","status-publish","hentry"],"_links":{"self":[{"href":"https:\/\/bethholstein.com\/en\/wp-json\/wp\/v2\/pages\/1098","targetHints":{"allow":["GET"]}}],"collection":[{"href":"https:\/\/bethholstein.com\/en\/wp-json\/wp\/v2\/pages"}],"about":[{"href":"https:\/\/bethholstein.com\/en\/wp-json\/wp\/v2\/types\/page"}],"author":[{"embeddable":true,"href":"https:\/\/bethholstein.com\/en\/wp-json\/wp\/v2\/users\/1"}],"replies":[{"embeddable":true,"href":"https:\/\/bethholstein.com\/en\/wp-json\/wp\/v2\/comments?post=1098"}],"version-history":[{"count":38,"href":"https:\/\/bethholstein.com\/en\/wp-json\/wp\/v2\/pages\/1098\/revisions"}],"predecessor-version":[{"id":1864,"href":"https:\/\/bethholstein.com\/en\/wp-json\/wp\/v2\/pages\/1098\/revisions\/1864"}],"wp:attachment":[{"href":"https:\/\/bethholstein.com\/en\/wp-json\/wp\/v2\/media?parent=1098"}],"curies":[{"name":"wp","href":"https:\/\/api.w.org\/{rel}","templated":true}]}}