{"id":1067,"date":"2021-04-09T13:08:04","date_gmt":"2021-04-09T16:08:04","guid":{"rendered":"http:\/\/bethholstein.com\/?page_id=1067"},"modified":"2021-05-25T11:49:45","modified_gmt":"2021-05-25T14:49:45","slug":"sobre-o-psych-k","status":"publish","type":"page","link":"https:\/\/bethholstein.com\/en\/sobre-o-psych-k\/","title":{"rendered":"About PSYCH-K\u00ae"},"content":{"rendered":"<div data-elementor-type=\"wp-page\" data-elementor-id=\"1067\" class=\"elementor elementor-1067\" data-elementor-post-type=\"page\">\n\t\t\t\t\t\t<section class=\"elementor-section elementor-top-section elementor-element elementor-element-489d5b7 elementor-section-full_width elementor-section-height-default elementor-section-height-default elementor-invisible\" data-id=\"489d5b7\" data-element_type=\"section\" data-e-type=\"section\" data-settings=\"{&quot;background_background&quot;:&quot;classic&quot;,&quot;animation&quot;:&quot;fadeInUp&quot;}\">\n\t\t\t\t\t\t\t<div class=\"elementor-background-overlay\"><\/div>\n\t\t\t\t\t\t\t<div class=\"elementor-container elementor-column-gap-default\">\n\t\t\t\t\t<div class=\"elementor-column elementor-col-100 elementor-top-column elementor-element elementor-element-93a0ddf\" data-id=\"93a0ddf\" data-element_type=\"column\" data-e-type=\"column\">\n\t\t\t<div class=\"elementor-widget-wrap elementor-element-populated\">\n\t\t\t\t\t\t<div class=\"elementor-element elementor-element-77d84a7 elementor-widget elementor-widget-heading\" data-id=\"77d84a7\" data-element_type=\"widget\" data-e-type=\"widget\" data-widget_type=\"heading.default\">\n\t\t\t\t<div class=\"elementor-widget-container\">\n\t\t\t\t\t<h1 class=\"elementor-heading-title elementor-size-default\">About<br> PSYCH-K<sup>\u00ae<\/sup><\/span><\/h1>\t\t\t\t<\/div>\n\t\t\t\t<\/div>\n\t\t\t\t\t<\/div>\n\t\t<\/div>\n\t\t\t\t\t<\/div>\n\t\t<\/section>\n\t\t\t\t<section class=\"elementor-section elementor-top-section elementor-element elementor-element-4ebc57c elementor-section-full_width elementor-section-height-default elementor-section-height-default\" data-id=\"4ebc57c\" data-element_type=\"section\" data-e-type=\"section\">\n\t\t\t\t\t\t<div class=\"elementor-container elementor-column-gap-default\">\n\t\t\t\t\t<div class=\"elementor-column elementor-col-50 elementor-top-column elementor-element elementor-element-ca50c5c elementor-invisible\" data-id=\"ca50c5c\" data-element_type=\"column\" data-e-type=\"column\" data-settings=\"{&quot;background_background&quot;:&quot;classic&quot;,&quot;animation&quot;:&quot;fadeInLeft&quot;,&quot;animation_delay&quot;:400}\">\n\t\t\t<div class=\"elementor-widget-wrap elementor-element-populated\">\n\t\t\t\t\t\t<div class=\"elementor-element elementor-element-8425b08 elementor-widget elementor-widget-image\" data-id=\"8425b08\" data-element_type=\"widget\" data-e-type=\"widget\" data-widget_type=\"image.default\">\n\t\t\t\t<div class=\"elementor-widget-container\">\n\t\t\t\t\t\t\t\t\t\t\t\t\t\t\t<img fetchpriority=\"high\" decoding=\"async\" width=\"702\" height=\"1024\" src=\"https:\/\/bethholstein.com\/wp-content\/uploads\/2021\/03\/PSYCH-K-Logo_COLOR-702x1024.jpg\" class=\"attachment-large size-large wp-image-131\" alt=\"\" srcset=\"https:\/\/bethholstein.com\/wp-content\/uploads\/2021\/03\/PSYCH-K-Logo_COLOR-702x1024.jpg 702w, https:\/\/bethholstein.com\/wp-content\/uploads\/2021\/03\/PSYCH-K-Logo_COLOR-206x300.jpg 206w, https:\/\/bethholstein.com\/wp-content\/uploads\/2021\/03\/PSYCH-K-Logo_COLOR-768x1120.jpg 768w, https:\/\/bethholstein.com\/wp-content\/uploads\/2021\/03\/PSYCH-K-Logo_COLOR.jpg 800w\" sizes=\"(max-width: 702px) 100vw, 702px\" \/>\t\t\t\t\t\t\t\t\t\t\t\t\t\t\t<\/div>\n\t\t\t\t<\/div>\n\t\t\t\t\t<\/div>\n\t\t<\/div>\n\t\t\t\t<div class=\"elementor-column elementor-col-50 elementor-top-column elementor-element elementor-element-7c509ae elementor-invisible\" data-id=\"7c509ae\" data-element_type=\"column\" data-e-type=\"column\" data-settings=\"{&quot;background_background&quot;:&quot;classic&quot;,&quot;animation&quot;:&quot;fadeInRight&quot;,&quot;animation_delay&quot;:800}\">\n\t\t\t<div class=\"elementor-widget-wrap elementor-element-populated\">\n\t\t\t\t\t\t<section class=\"elementor-section elementor-inner-section elementor-element elementor-element-7c34332 elementor-section-boxed elementor-section-height-default elementor-section-height-default\" data-id=\"7c34332\" data-element_type=\"section\" data-e-type=\"section\">\n\t\t\t\t\t\t<div class=\"elementor-container elementor-column-gap-default\">\n\t\t\t\t\t<div class=\"elementor-column elementor-col-50 elementor-inner-column elementor-element elementor-element-eb00341\" data-id=\"eb00341\" data-element_type=\"column\" data-e-type=\"column\">\n\t\t\t<div class=\"elementor-widget-wrap elementor-element-populated\">\n\t\t\t\t\t\t<div class=\"elementor-element elementor-element-4f1976b elementor-widget elementor-widget-image\" data-id=\"4f1976b\" data-element_type=\"widget\" data-e-type=\"widget\" data-widget_type=\"image.default\">\n\t\t\t\t<div class=\"elementor-widget-container\">\n\t\t\t\t\t\t\t\t\t\t\t\t\t\t\t<img decoding=\"async\" width=\"365\" height=\"365\" src=\"https:\/\/bethholstein.com\/wp-content\/uploads\/2021\/04\/rob.jpg\" class=\"attachment-large size-large wp-image-1071\" alt=\"\" srcset=\"https:\/\/bethholstein.com\/wp-content\/uploads\/2021\/04\/rob.jpg 365w, https:\/\/bethholstein.com\/wp-content\/uploads\/2021\/04\/rob-300x300.jpg 300w, https:\/\/bethholstein.com\/wp-content\/uploads\/2021\/04\/rob-150x150.jpg 150w, https:\/\/bethholstein.com\/wp-content\/uploads\/2021\/04\/rob-12x12.jpg 12w\" sizes=\"(max-width: 365px) 100vw, 365px\" \/>\t\t\t\t\t\t\t\t\t\t\t\t\t\t\t<\/div>\n\t\t\t\t<\/div>\n\t\t\t\t\t<\/div>\n\t\t<\/div>\n\t\t\t\t<div class=\"elementor-column elementor-col-50 elementor-inner-column elementor-element elementor-element-9e6c5ca\" data-id=\"9e6c5ca\" data-element_type=\"column\" data-e-type=\"column\">\n\t\t\t<div class=\"elementor-widget-wrap elementor-element-populated\">\n\t\t\t\t\t\t<div class=\"elementor-element elementor-element-6676318 elementor-widget elementor-widget-heading\" data-id=\"6676318\" data-element_type=\"widget\" data-e-type=\"widget\" data-widget_type=\"heading.default\">\n\t\t\t\t<div class=\"elementor-widget-container\">\n\t\t\t\t\t<h4 class=\"elementor-heading-title elementor-size-default\">Origin of <\/h4>\t\t\t\t<\/div>\n\t\t\t\t<\/div>\n\t\t\t\t<div class=\"elementor-element elementor-element-b5d9d11 elementor-widget elementor-widget-heading\" data-id=\"b5d9d11\" data-element_type=\"widget\" data-e-type=\"widget\" data-widget_type=\"heading.default\">\n\t\t\t\t<div class=\"elementor-widget-container\">\n\t\t\t\t\t<h2 class=\"elementor-heading-title elementor-size-default\">PSYCH-K\u00ae<\/h2>\t\t\t\t<\/div>\n\t\t\t\t<\/div>\n\t\t\t\t\t<\/div>\n\t\t<\/div>\n\t\t\t\t\t<\/div>\n\t\t<\/section>\n\t\t\t\t<div class=\"elementor-element elementor-element-48f8940 elementor-widget elementor-widget-text-editor\" data-id=\"48f8940\" data-element_type=\"widget\" data-e-type=\"widget\" data-widget_type=\"text-editor.default\">\n\t\t\t\t<div class=\"elementor-widget-container\">\n\t\t\t\t\t\t\t\t\t<p>PSYCH-K\u00ae was developed in 1988 by Robert M. Williams, M.A., as a response to the realization that conventional counseling techniques, which depend almost exclusively on \u201cinsight\u201d and \u201cmotivation\u201d, rarely create real and lasting changes. Thus, he developed an approach directed to the subconscious, inspired by a variety of processes based on neuroscience and including several tools, capable of provoking deep and lasting changes, quickly and easily.<\/p>\t\t\t\t\t\t\t\t<\/div>\n\t\t\t\t<\/div>\n\t\t\t\t\t<\/div>\n\t\t<\/div>\n\t\t\t\t\t<\/div>\n\t\t<\/section>\n\t\t\t\t<section class=\"elementor-section elementor-top-section elementor-element elementor-element-46d386b elementor-section-full_width elementor-section-height-min-height elementor-section-items-stretch elementor-reverse-mobile elementor-section-height-default\" data-id=\"46d386b\" data-element_type=\"section\" data-e-type=\"section\">\n\t\t\t\t\t\t<div class=\"elementor-container elementor-column-gap-default\">\n\t\t\t\t\t<div class=\"elementor-column elementor-col-50 elementor-top-column elementor-element elementor-element-c187f24 elementor-invisible\" data-id=\"c187f24\" data-element_type=\"column\" data-e-type=\"column\" data-settings=\"{&quot;background_background&quot;:&quot;classic&quot;,&quot;animation&quot;:&quot;fadeInLeft&quot;,&quot;animation_delay&quot;:400}\">\n\t\t\t<div class=\"elementor-widget-wrap elementor-element-populated\">\n\t\t\t\t\t\t<div class=\"elementor-element elementor-element-533efd7 elementor-widget elementor-widget-heading\" data-id=\"533efd7\" data-element_type=\"widget\" data-e-type=\"widget\" data-widget_type=\"heading.default\">\n\t\t\t\t<div class=\"elementor-widget-container\">\n\t\t\t\t\t<h4 class=\"elementor-heading-title elementor-size-default\">What is<\/h4>\t\t\t\t<\/div>\n\t\t\t\t<\/div>\n\t\t\t\t<div class=\"elementor-element elementor-element-b893985 elementor-widget elementor-widget-heading\" data-id=\"b893985\" data-element_type=\"widget\" data-e-type=\"widget\" data-widget_type=\"heading.default\">\n\t\t\t\t<div class=\"elementor-widget-container\">\n\t\t\t\t\t<h2 class=\"elementor-heading-title elementor-size-default\">PSYCH-K\u00ae<\/h2>\t\t\t\t<\/div>\n\t\t\t\t<\/div>\n\t\t\t\t<div class=\"elementor-element elementor-element-4895835 elementor-widget elementor-widget-text-editor\" data-id=\"4895835\" data-element_type=\"widget\" data-e-type=\"widget\" data-widget_type=\"text-editor.default\">\n\t\t\t\t<div class=\"elementor-widget-container\">\n\t\t\t\t\t\t\t\t\t<p>PSYCH-K\u00ae is a simple and straightforward method for identifying and changing self-limiting subconscious beliefs, which perpetuate the old habits of thinking and behavior that you would like to change. It is a simple process that helps you to communicate with your subconscious, where almost all human behaviors - constructive and destructive - originate, so that you can change the beliefs that limit your self-esteem, your relationships, performance at work and even even your physical health! Its general purpose is to accelerate individual and global evolution by aligning subconscious beliefs with the conscious wisdom of the greatest spiritual and intellectual traditions. The practical application of this wisdom in our personal and professional lives brings a deep sense of peace and mental, emotional, physical and spiritual satisfaction.<\/p>\t\t\t\t\t\t\t\t<\/div>\n\t\t\t\t<\/div>\n\t\t\t\t\t<\/div>\n\t\t<\/div>\n\t\t\t\t<div class=\"elementor-column elementor-col-50 elementor-top-column elementor-element elementor-element-ced1678 elementor-invisible\" data-id=\"ced1678\" data-element_type=\"column\" data-e-type=\"column\" data-settings=\"{&quot;background_background&quot;:&quot;classic&quot;,&quot;animation&quot;:&quot;fadeInRight&quot;,&quot;animation_delay&quot;:400}\">\n\t\t\t<div class=\"elementor-widget-wrap elementor-element-populated\">\n\t\t\t\t\t\t<div class=\"elementor-element elementor-element-4dd5456 elementor-widget elementor-widget-heading\" data-id=\"4dd5456\" data-element_type=\"widget\" data-e-type=\"widget\" data-widget_type=\"heading.default\">\n\t\t\t\t<div class=\"elementor-widget-container\">\n\t\t\t\t\t<h4 class=\"elementor-heading-title elementor-size-default\">You create your own<\/h4>\t\t\t\t<\/div>\n\t\t\t\t<\/div>\n\t\t\t\t<div class=\"elementor-element elementor-element-77eee5f elementor-widget elementor-widget-heading\" data-id=\"77eee5f\" data-element_type=\"widget\" data-e-type=\"widget\" data-widget_type=\"heading.default\">\n\t\t\t\t<div class=\"elementor-widget-container\">\n\t\t\t\t\t<h2 class=\"elementor-heading-title elementor-size-default\">Reality<\/h2>\t\t\t\t<\/div>\n\t\t\t\t<\/div>\n\t\t\t\t<div class=\"elementor-element elementor-element-015f2df elementor-widget elementor-widget-text-editor\" data-id=\"015f2df\" data-element_type=\"widget\" data-e-type=\"widget\" data-widget_type=\"text-editor.default\">\n\t\t\t\t<div class=\"elementor-widget-container\">\n\t\t\t\t\t\t\t\t\t<p>Your reality is created by your \"beliefs\". These beliefs, usually subconscious, are often the result of programming that occurred throughout life and represent a powerful influence on human behavior. Neuroscience studies indicate that 95% of our consciousness is actually subconscious. It is the subconscious mind that guards our attitudes, values \u200b\u200band beliefs. It is through our beliefs that we form the perception of the world and of ourselves and from these perceptions we develop behaviors. Usually, it is the defeatist behaviors that we want to change. Often, the most effective way to change a behavior is to change the subconscious belief (s) that support it. Based on years of research on bipartite brains, also known as Theory of Cerebral Dominance, PSYCH-K\u00ae provides a variety of ways to quickly identify and transform beliefs that \u201climit\u201d you into beliefs that \u201csupport\u201d you, in any area of your life.<\/p>\t\t\t\t\t\t\t\t<\/div>\n\t\t\t\t<\/div>\n\t\t\t\t\t<\/div>\n\t\t<\/div>\n\t\t\t\t\t<\/div>\n\t\t<\/section>\n\t\t\t\t<section class=\"elementor-section elementor-top-section elementor-element elementor-element-68240c0 elementor-section-full_width elementor-section-height-min-height elementor-section-items-stretch elementor-section-height-default\" data-id=\"68240c0\" data-element_type=\"section\" data-e-type=\"section\">\n\t\t\t\t\t\t<div class=\"elementor-container elementor-column-gap-default\">\n\t\t\t\t\t<div class=\"elementor-column elementor-col-50 elementor-top-column elementor-element elementor-element-965fbd2 elementor-invisible\" data-id=\"965fbd2\" data-element_type=\"column\" data-e-type=\"column\" data-settings=\"{&quot;background_background&quot;:&quot;classic&quot;,&quot;animation&quot;:&quot;fadeInLeft&quot;,&quot;animation_delay&quot;:400}\">\n\t\t\t<div class=\"elementor-widget-wrap elementor-element-populated\">\n\t\t\t\t\t\t<div class=\"elementor-element elementor-element-cae1906 elementor-widget elementor-widget-heading\" data-id=\"cae1906\" data-element_type=\"widget\" data-e-type=\"widget\" data-widget_type=\"heading.default\">\n\t\t\t\t<div class=\"elementor-widget-container\">\n\t\t\t\t\t<h4 class=\"elementor-heading-title elementor-size-default\">How PSYCH-K\u00ae<\/h4>\t\t\t\t<\/div>\n\t\t\t\t<\/div>\n\t\t\t\t<div class=\"elementor-element elementor-element-422b9a3 elementor-widget elementor-widget-heading\" data-id=\"422b9a3\" data-element_type=\"widget\" data-e-type=\"widget\" data-widget_type=\"heading.default\">\n\t\t\t\t<div class=\"elementor-widget-container\">\n\t\t\t\t\t<h2 class=\"elementor-heading-title elementor-size-default\">Works?<\/h2>\t\t\t\t<\/div>\n\t\t\t\t<\/div>\n\t\t\t\t<div class=\"elementor-element elementor-element-ad33324 elementor-widget elementor-widget-text-editor\" data-id=\"ad33324\" data-element_type=\"widget\" data-e-type=\"widget\" data-widget_type=\"text-editor.default\">\n\t\t\t\t<div class=\"elementor-widget-container\">\n\t\t\t\t\t\t\t\t\t<p>PSYCH-K\u00ae creates a receptive state of mind that dramatically reduces resistance to change in the subconscious. The subconscious mind can be accessed in a similar way to a personal computer. PSYCH-K\u00ae works as a kind of \u201cmental keyboard\u201d - a friendly method of communicating with the subconscious mind, which is simple, direct and verifiable.<\/p>\t\t\t\t\t\t\t\t<\/div>\n\t\t\t\t<\/div>\n\t\t\t\t<section class=\"elementor-section elementor-inner-section elementor-element elementor-element-f6cab48 elementor-section-boxed elementor-section-height-default elementor-section-height-default\" data-id=\"f6cab48\" data-element_type=\"section\" data-e-type=\"section\" data-no-translation=\"\">\n\t\t\t\t\t\t<div class=\"elementor-container elementor-column-gap-default\">\n\t\t\t\t\t<div class=\"elementor-column elementor-col-100 elementor-inner-column elementor-element elementor-element-7117f36\" data-id=\"7117f36\" data-element_type=\"column\" data-e-type=\"column\">\n\t\t\t<div class=\"elementor-widget-wrap elementor-element-populated\">\n\t\t\t\t\t\t<div class=\"elementor-element elementor-element-06dc830 elementor-widget elementor-widget-heading\" data-id=\"06dc830\" data-element_type=\"widget\" data-e-type=\"widget\" data-widget_type=\"heading.default\">\n\t\t\t\t<div class=\"elementor-widget-container\">\n\t\t\t\t\t<h4 class=\"elementor-heading-title elementor-size-default\">What is a PSYCH-K\u00ae<\/h4>\t\t\t\t<\/div>\n\t\t\t\t<\/div>\n\t\t\t\t<div class=\"elementor-element elementor-element-ee2f593 elementor-widget elementor-widget-heading\" data-id=\"ee2f593\" data-element_type=\"widget\" data-e-type=\"widget\" data-widget_type=\"heading.default\">\n\t\t\t\t<div class=\"elementor-widget-container\">\n\t\t\t\t\t<h2 class=\"elementor-heading-title elementor-size-default\">Balance<\/h2>\t\t\t\t<\/div>\n\t\t\t\t<\/div>\n\t\t\t\t<div class=\"elementor-element elementor-element-e6924c1 elementor-widget elementor-widget-text-editor\" data-id=\"e6924c1\" data-element_type=\"widget\" data-e-type=\"widget\" data-widget_type=\"text-editor.default\">\n\t\t\t\t<div class=\"elementor-widget-container\">\n\t\t\t\t\t\t\t\t\t<p>A PSYCH-K\u00ae Balance is a process designed to create balanced communication with the two hemispheres of the cerebral cortex. This &#8220;whole brain&#8221; state is ideal for reprogramming the subconscious mind with new self-improvement beliefs that support your goals in life.<\/p>\t\t\t\t\t\t\t\t<\/div>\n\t\t\t\t<\/div>\n\t\t\t\t\t<\/div>\n\t\t<\/div>\n\t\t\t\t\t<\/div>\n\t\t<\/section>\n\t\t\t\t\t<\/div>\n\t\t<\/div>\n\t\t\t\t<div class=\"elementor-column elementor-col-50 elementor-top-column elementor-element elementor-element-a638689 elementor-invisible\" data-id=\"a638689\" data-element_type=\"column\" data-e-type=\"column\" data-settings=\"{&quot;background_background&quot;:&quot;classic&quot;,&quot;animation&quot;:&quot;fadeInRight&quot;,&quot;animation_delay&quot;:400}\">\n\t\t\t<div class=\"elementor-widget-wrap elementor-element-populated\">\n\t\t\t\t\t\t<div class=\"elementor-element elementor-element-1e5d042 elementor-widget elementor-widget-heading\" data-id=\"1e5d042\" data-element_type=\"widget\" data-e-type=\"widget\" data-widget_type=\"heading.default\">\n\t\t\t\t<div class=\"elementor-widget-container\">\n\t\t\t\t\t<h4 class=\"elementor-heading-title elementor-size-default\">How PSYCH-K\u00ae can<\/h4>\t\t\t\t<\/div>\n\t\t\t\t<\/div>\n\t\t\t\t<div class=\"elementor-element elementor-element-0e27df6 elementor-widget elementor-widget-heading\" data-id=\"0e27df6\" data-element_type=\"widget\" data-e-type=\"widget\" data-widget_type=\"heading.default\">\n\t\t\t\t<div class=\"elementor-widget-container\">\n\t\t\t\t\t<h2 class=\"elementor-heading-title elementor-size-default\">Help me?<\/h2>\t\t\t\t<\/div>\n\t\t\t\t<\/div>\n\t\t\t\t<div class=\"elementor-element elementor-element-1cde821 elementor-widget elementor-widget-text-editor\" data-id=\"1cde821\" data-element_type=\"widget\" data-e-type=\"widget\" data-widget_type=\"text-editor.default\">\n\t\t\t\t<div class=\"elementor-widget-container\">\n\t\t\t\t\t\t\t\t\t<p>Your subconscious beliefs set the limits for what you can achieve. If your life feels like a car being driven with a foot on the gas and a foot on the brake, chances are you are in conflict between your conscious goals and your subconscious beliefs. This type of conflict can appear in your relationships, job performance, self-esteem, prosperity and even your physical health. If you are facing challenges in any of these areas, PSYCH-K\u00ae can help you in the process of self-transformation, providing an alignment between your beliefs and the experiences you want in life.<\/p>\t\t\t\t\t\t\t\t<\/div>\n\t\t\t\t<\/div>\n\t\t\t\t<div class=\"elementor-element elementor-element-f997ee4 elementor-widget elementor-widget-image\" data-id=\"f997ee4\" data-element_type=\"widget\" data-e-type=\"widget\" data-widget_type=\"image.default\">\n\t\t\t\t<div class=\"elementor-widget-container\">\n\t\t\t\t\t\t\t\t\t\t\t\t\t\t\t<img decoding=\"async\" width=\"800\" height=\"725\" src=\"https:\/\/bethholstein.com\/wp-content\/uploads\/2021\/04\/logo-psych-k-1024x928.jpg\" class=\"attachment-large size-large wp-image-1072\" alt=\"\" srcset=\"https:\/\/bethholstein.com\/wp-content\/uploads\/2021\/04\/logo-psych-k-1024x928.jpg 1024w, https:\/\/bethholstein.com\/wp-content\/uploads\/2021\/04\/logo-psych-k-300x272.jpg 300w, https:\/\/bethholstein.com\/wp-content\/uploads\/2021\/04\/logo-psych-k-768x696.jpg 768w, https:\/\/bethholstein.com\/wp-content\/uploads\/2021\/04\/logo-psych-k-13x12.jpg 13w, https:\/\/bethholstein.com\/wp-content\/uploads\/2021\/04\/logo-psych-k.jpg 1280w\" sizes=\"(max-width: 800px) 100vw, 800px\" \/>\t\t\t\t\t\t\t\t\t\t\t\t\t\t\t<\/div>\n\t\t\t\t<\/div>\n\t\t\t\t\t<\/div>\n\t\t<\/div>\n\t\t\t\t\t<\/div>\n\t\t<\/section>\n\t\t\t\t<\/div>","protected":false},"excerpt":{"rendered":"<p>Sobre o PSYCH-K\u00ae Origem do PSYCH-K\u00ae O PSYCH-K\u00ae foi desenvolvido em 1988 por Robert M. Williams, M.A., como uma resposta \u00e0 constata\u00e7\u00e3o de que as t\u00e9cnicas de aconselhamento convencionais, que dependem quase exclusivamente de &#8220;insight&#8221; e &#8220;motiva\u00e7\u00e3o&#8221;, raramente criam mudan\u00e7as reais e duradouras. Assim, ele desenvolveu uma abordagem direcionada ao subconsciente, inspirado por uma variedade [&hellip;]<\/p>\n","protected":false},"author":1,"featured_media":0,"parent":0,"menu_order":0,"comment_status":"closed","ping_status":"closed","template":"elementor_header_footer","meta":{"footnotes":""},"class_list":["post-1067","page","type-page","status-publish","hentry"],"_links":{"self":[{"href":"https:\/\/bethholstein.com\/en\/wp-json\/wp\/v2\/pages\/1067","targetHints":{"allow":["GET"]}}],"collection":[{"href":"https:\/\/bethholstein.com\/en\/wp-json\/wp\/v2\/pages"}],"about":[{"href":"https:\/\/bethholstein.com\/en\/wp-json\/wp\/v2\/types\/page"}],"author":[{"embeddable":true,"href":"https:\/\/bethholstein.com\/en\/wp-json\/wp\/v2\/users\/1"}],"replies":[{"embeddable":true,"href":"https:\/\/bethholstein.com\/en\/wp-json\/wp\/v2\/comments?post=1067"}],"version-history":[{"count":50,"href":"https:\/\/bethholstein.com\/en\/wp-json\/wp\/v2\/pages\/1067\/revisions"}],"predecessor-version":[{"id":1894,"href":"https:\/\/bethholstein.com\/en\/wp-json\/wp\/v2\/pages\/1067\/revisions\/1894"}],"wp:attachment":[{"href":"https:\/\/bethholstein.com\/en\/wp-json\/wp\/v2\/media?parent=1067"}],"curies":[{"name":"wp","href":"https:\/\/api.w.org\/{rel}","templated":true}]}}